{"id":53,"date":"2025-11-25T20:22:03","date_gmt":"2025-11-25T19:22:03","guid":{"rendered":"https:\/\/dekaraskas.pl\/nowa_strona\/?page_id=53"},"modified":"2025-11-25T20:23:22","modified_gmt":"2025-11-25T19:23:22","slug":"informacja-dla-nowych-sluchaczy","status":"publish","type":"page","link":"https:\/\/dekaraskas.pl\/?page_id=53","title":{"rendered":"Informacja dla nowych s\u0142uchaczy"},"content":{"rendered":"\n<p class=\"has-medium-font-size\">M\u00f3j album o tytule:&nbsp;<strong>\u201e12 brilliant musical compositions\u201d<\/strong>&nbsp;mo\u017cna ods\u0142ucha\u0107 w tych platformach i sklepach muzycznych:&nbsp;<a href=\"https:\/\/open.spotify.com\/album\/01yBdFsWPWrecWlnwTMZg7?si=ZPcKdff3ShaMiBilSmTsRA\">Spotify<\/a>,<a href=\"https:\/\/music.youtube.com\/playlist?list=OLAK5uy_mUPFCcNMsCjDsuFimAfXm8QVTHi7FmHZs&amp;si=k0T3RcBwyycWaQfN\">YouTube Music<\/a>. Niebawem pojawi si\u0119 wi\u0119cej platform, na kt\u00f3rych pojawi si\u0119 moja muzyka. Bardzo dzi\u0119kuj\u0119 dystrybutorowi&nbsp;<strong>DistroKid<\/strong>&nbsp;za dystrybucj\u0119 mojej muzyki i umieszczenie jej w wielu platformach i sklepach muzycznych.<\/p>\n","protected":false},"excerpt":{"rendered":"<p>M\u00f3j album o tytule:&nbsp;\u201e12 brilliant musical compositions\u201d&nbsp;mo\u017cna ods\u0142ucha\u0107 w tych platformach i sklepach muzycznych:&nbsp;Spotify,YouTube Music. Niebawem pojawi si\u0119 wi\u0119cej platform, na kt\u00f3rych pojawi si\u0119 moja muzyka. Bardzo dzi\u0119kuj\u0119 dystrybutorowi&nbsp;DistroKid&nbsp;za dystrybucj\u0119 mojej muzyki i umieszczenie jej w wielu platformach i sklepach muzycznych.<\/p>\n","protected":false},"author":1,"featured_media":0,"parent":0,"menu_order":0,"comment_status":"open","ping_status":"closed","template":"","meta":{"footnotes":""},"class_list":["post-53","page","type-page","status-publish","hentry"],"_links":{"self":[{"href":"https:\/\/dekaraskas.pl\/index.php?rest_route=\/wp\/v2\/pages\/53","targetHints":{"allow":["GET"]}}],"collection":[{"href":"https:\/\/dekaraskas.pl\/index.php?rest_route=\/wp\/v2\/pages"}],"about":[{"href":"https:\/\/dekaraskas.pl\/index.php?rest_route=\/wp\/v2\/types\/page"}],"author":[{"embeddable":true,"href":"https:\/\/dekaraskas.pl\/index.php?rest_route=\/wp\/v2\/users\/1"}],"replies":[{"embeddable":true,"href":"https:\/\/dekaraskas.pl\/index.php?rest_route=%2Fwp%2Fv2%2Fcomments&post=53"}],"version-history":[{"count":2,"href":"https:\/\/dekaraskas.pl\/index.php?rest_route=\/wp\/v2\/pages\/53\/revisions"}],"predecessor-version":[{"id":56,"href":"https:\/\/dekaraskas.pl\/index.php?rest_route=\/wp\/v2\/pages\/53\/revisions\/56"}],"wp:attachment":[{"href":"https:\/\/dekaraskas.pl\/index.php?rest_route=%2Fwp%2Fv2%2Fmedia&parent=53"}],"curies":[{"name":"wp","href":"https:\/\/api.w.org\/{rel}","templated":true}]}}