{"id":49,"date":"2025-11-25T20:17:36","date_gmt":"2025-11-25T19:17:36","guid":{"rendered":"https:\/\/dekaraskas.pl\/nowa_strona\/?page_id=49"},"modified":"2025-11-25T20:19:28","modified_gmt":"2025-11-25T19:19:28","slug":"informacja-dla-nowych-czytelnikow","status":"publish","type":"page","link":"https:\/\/dekaraskas.pl\/?page_id=49","title":{"rendered":"Informacja dla nowych czytelnik\u00f3w"},"content":{"rendered":"\n<p class=\"has-medium-font-size\">Moj\u0105 ksi\u0105\u017ck\u0119 pod tytu\u0142em&nbsp;<strong>\u201eCz\u0142owiek bez \u017cadnych pogl\u0105d\u00f3w\u201d<\/strong>&nbsp;mo\u017cna zakupi\u0107&nbsp;<a href=\"https:\/\/www.empik.com\/czlowiek-bez-zadnych-pogladow-per-dekaraskas,p1466266007,ebooki-i-mp3-p\">&lt;&lt;&lt;tutaj&gt;&gt;&gt;<\/a>&nbsp;w ksi\u0119garni Empiku.<\/p>\n\n\n\n<p class=\"has-medium-font-size\">Natomiast&nbsp;<a href=\"https:\/\/lubimyczytac.pl\/ksiazka\/5118781\/czlowiek-bez-zadnych-pogladow\">&lt;&lt;&lt;tutaj&gt;&gt;&gt;<\/a>&nbsp;prezentuj\u0119 moj\u0105 ksi\u0105\u017ck\u0119 w portalu czytelniczym Lubimy Czyta\u0107. Zapraszam do wystawiania recenzji dla mojej ksi\u0105\u017cki oraz do uczestnictwa w dyskusji na temat mojej ksi\u0105\u017cki.<\/p>\n\n\n\n<p class=\"has-medium-font-size\"><strong>Wa\u017cne:<\/strong>&nbsp;Szukam kogo\u015b, kto potrafi\u0142by napisa\u0107 bardzo dog\u0142\u0119bn\u0105 i bardzo szczeg\u00f3\u0142ow\u0105 recenzj\u0119 mojej ksi\u0105\u017cki pod tytu\u0142em \u201eCz\u0142owiek bez \u017cadnych pogl\u0105d\u00f3w\u201d. Chcia\u0142bym sam zrozumie\u0107 moj\u0105 powie\u015b\u0107, gdy\u017c wyznaj\u0119 nast\u0119puj\u0105c\u0105 zasad\u0119: \u201edla prawdziwego artysty najtrudniej jest zrozumie\u0107 jego w\u0142asne dzie\u0142o\u201d. Zapraszam do kontaktu, e-mail:&nbsp;<strong>per@dekaraskas.pl<\/strong>&nbsp;oraz komunikator gadu-gadu:&nbsp;<strong>36563839<\/strong>.<\/p>\n","protected":false},"excerpt":{"rendered":"<p>Moj\u0105 ksi\u0105\u017ck\u0119 pod tytu\u0142em&nbsp;\u201eCz\u0142owiek bez \u017cadnych pogl\u0105d\u00f3w\u201d&nbsp;mo\u017cna zakupi\u0107&nbsp;&lt;&lt;&lt;tutaj&gt;&gt;&gt;&nbsp;w ksi\u0119garni Empiku. Natomiast&nbsp;&lt;&lt;&lt;tutaj&gt;&gt;&gt;&nbsp;prezentuj\u0119 moj\u0105 ksi\u0105\u017ck\u0119 w portalu czytelniczym Lubimy Czyta\u0107. Zapraszam do wystawiania recenzji dla mojej ksi\u0105\u017cki oraz do uczestnictwa w dyskusji na temat mojej ksi\u0105\u017cki. Wa\u017cne:&nbsp;Szukam kogo\u015b, kto potrafi\u0142by napisa\u0107 bardzo dog\u0142\u0119bn\u0105 i bardzo szczeg\u00f3\u0142ow\u0105 recenzj\u0119 mojej ksi\u0105\u017cki pod tytu\u0142em \u201eCz\u0142owiek bez \u017cadnych pogl\u0105d\u00f3w\u201d. Chcia\u0142bym sam [&hellip;]<\/p>\n","protected":false},"author":1,"featured_media":0,"parent":0,"menu_order":0,"comment_status":"open","ping_status":"closed","template":"","meta":{"footnotes":""},"class_list":["post-49","page","type-page","status-publish","hentry"],"_links":{"self":[{"href":"https:\/\/dekaraskas.pl\/index.php?rest_route=\/wp\/v2\/pages\/49","targetHints":{"allow":["GET"]}}],"collection":[{"href":"https:\/\/dekaraskas.pl\/index.php?rest_route=\/wp\/v2\/pages"}],"about":[{"href":"https:\/\/dekaraskas.pl\/index.php?rest_route=\/wp\/v2\/types\/page"}],"author":[{"embeddable":true,"href":"https:\/\/dekaraskas.pl\/index.php?rest_route=\/wp\/v2\/users\/1"}],"replies":[{"embeddable":true,"href":"https:\/\/dekaraskas.pl\/index.php?rest_route=%2Fwp%2Fv2%2Fcomments&post=49"}],"version-history":[{"count":2,"href":"https:\/\/dekaraskas.pl\/index.php?rest_route=\/wp\/v2\/pages\/49\/revisions"}],"predecessor-version":[{"id":52,"href":"https:\/\/dekaraskas.pl\/index.php?rest_route=\/wp\/v2\/pages\/49\/revisions\/52"}],"wp:attachment":[{"href":"https:\/\/dekaraskas.pl\/index.php?rest_route=%2Fwp%2Fv2%2Fmedia&parent=49"}],"curies":[{"name":"wp","href":"https:\/\/api.w.org\/{rel}","templated":true}]}}