{"id":34,"date":"2025-11-25T20:03:54","date_gmt":"2025-11-25T19:03:54","guid":{"rendered":"https:\/\/dekaraskas.pl\/nowa_strona\/?page_id=34"},"modified":"2025-11-25T20:04:52","modified_gmt":"2025-11-25T19:04:52","slug":"informacja-dla-moich-najwierniejszych-fanow","status":"publish","type":"page","link":"https:\/\/dekaraskas.pl\/?page_id=34","title":{"rendered":"Informacja dla moich najwierniejszych fan\u00f3w"},"content":{"rendered":"\n<p class=\"has-medium-font-size\">Artysta bez swoich wiernych fan\u00f3w po prostu nie istnieje. Dlatego te\u017c, je\u015bli chcesz mnie wspom\u00f3c w mojej tw\u00f3rczo\u015bci, zar\u00f3wno pisarskiej jak i muzycznej, mam dla ciebie kilka mo\u017cliwo\u015bci do wyboru, po pierwsze licz\u0119, \u017ce obszernie zrecenzujesz moj\u0105 tw\u00f3rczo\u015b\u0107. Jest to jeden z najlepszych sposob\u00f3w pomocy dla mnie od ciebie. Mo\u017cesz czu\u0107 si\u0119 zupe\u0142nie swobodnie, aby wymienia\u0107 si\u0119 ze mn\u0105 r\u00f3\u017cnymi ideami i pomys\u0142ami na temat tego, co tworz\u0119. Mo\u017cesz r\u00f3wnie\u017c wspom\u00f3c mnie finansowo, abym m\u00f3g\u0142 nagrywa\u0107 moje piosenki w profesjonalnych studiach nagraniowych i \u017cebym m\u00f3g\u0142 wydawa\u0107 moje ksi\u0105\u017cki w dobrych wydawnictwach. Ka\u017cda forma pomocy dla mnie od ciebie b\u0119dzie dla mnie bardzo motywuj\u0105ca, abym m\u00f3g\u0142 dalej tworzy\u0107. Oczekuj\u0119 r\u00f3wnie\u017c od ciebie sugestii, jakie teksty powinienem napisa\u0107 w najbli\u017cszej przysz\u0142o\u015bci. Zapraszam do kontaktu, e-mail:&nbsp;<strong>per@dekaraskas.pl<\/strong>&nbsp;oraz komunikator gadu-gadu:&nbsp;<strong>36563839<\/strong>.<\/p>\n","protected":false},"excerpt":{"rendered":"<p>Artysta bez swoich wiernych fan\u00f3w po prostu nie istnieje. Dlatego te\u017c, je\u015bli chcesz mnie wspom\u00f3c w mojej tw\u00f3rczo\u015bci, zar\u00f3wno pisarskiej jak i muzycznej, mam dla ciebie kilka mo\u017cliwo\u015bci do wyboru, po pierwsze licz\u0119, \u017ce obszernie zrecenzujesz moj\u0105 tw\u00f3rczo\u015b\u0107. Jest to jeden z najlepszych sposob\u00f3w pomocy dla mnie od ciebie. Mo\u017cesz czu\u0107 si\u0119 zupe\u0142nie swobodnie, aby [&hellip;]<\/p>\n","protected":false},"author":1,"featured_media":0,"parent":0,"menu_order":0,"comment_status":"open","ping_status":"closed","template":"","meta":{"footnotes":""},"class_list":["post-34","page","type-page","status-publish","hentry"],"_links":{"self":[{"href":"https:\/\/dekaraskas.pl\/index.php?rest_route=\/wp\/v2\/pages\/34","targetHints":{"allow":["GET"]}}],"collection":[{"href":"https:\/\/dekaraskas.pl\/index.php?rest_route=\/wp\/v2\/pages"}],"about":[{"href":"https:\/\/dekaraskas.pl\/index.php?rest_route=\/wp\/v2\/types\/page"}],"author":[{"embeddable":true,"href":"https:\/\/dekaraskas.pl\/index.php?rest_route=\/wp\/v2\/users\/1"}],"replies":[{"embeddable":true,"href":"https:\/\/dekaraskas.pl\/index.php?rest_route=%2Fwp%2Fv2%2Fcomments&post=34"}],"version-history":[{"count":3,"href":"https:\/\/dekaraskas.pl\/index.php?rest_route=\/wp\/v2\/pages\/34\/revisions"}],"predecessor-version":[{"id":38,"href":"https:\/\/dekaraskas.pl\/index.php?rest_route=\/wp\/v2\/pages\/34\/revisions\/38"}],"wp:attachment":[{"href":"https:\/\/dekaraskas.pl\/index.php?rest_route=%2Fwp%2Fv2%2Fmedia&parent=34"}],"curies":[{"name":"wp","href":"https:\/\/api.w.org\/{rel}","templated":true}]}}